{"id":3408,"date":"2024-09-12T15:37:04","date_gmt":"2024-09-12T13:37:04","guid":{"rendered":"https:\/\/www.hotelgalileopadova.it\/?page_id=3408"},"modified":"2024-09-27T14:52:36","modified_gmt":"2024-09-27T12:52:36","slug":"art-exhibition","status":"publish","type":"page","link":"https:\/\/www.hotelgalileopadova.it\/en\/art-exhibition\/","title":{"rendered":"Art Exhibition"},"content":{"rendered":"\t\t<div data-elementor-type=\"wp-page\" data-elementor-id=\"3408\" class=\"elementor elementor-3408 elementor-3407\" data-elementor-post-type=\"page\">\n\t\t\t\t<div class=\"elementor-element elementor-element-a08a36c e-con-full e-flex e-con e-parent\" data-id=\"a08a36c\" data-element_type=\"container\" data-e-type=\"container\" data-settings=\"{&quot;background_background&quot;:&quot;classic&quot;}\">\n\t\t<div class=\"elementor-element elementor-element-cf022b0 e-con-full e-flex e-con e-child\" data-id=\"cf022b0\" data-element_type=\"container\" data-e-type=\"container\">\n\t\t\t\t<div class=\"elementor-element elementor-element-b4715fb elementor-widget elementor-widget-heading\" data-id=\"b4715fb\" data-element_type=\"widget\" data-e-type=\"widget\" data-widget_type=\"heading.default\">\n\t\t\t\t<div class=\"elementor-widget-container\">\n\t\t\t\t\t<h1 class=\"elementor-heading-title elementor-size-default\">Art Exhibition<\/h1>\t\t\t\t<\/div>\n\t\t\t\t<\/div>\n\t\t\t\t<\/div>\n\t\t\t\t<\/div>\n\t\t<div class=\"elementor-element elementor-element-8f0200c e-flex e-con-boxed e-con e-parent\" data-id=\"8f0200c\" data-element_type=\"container\" data-e-type=\"container\" data-settings=\"{&quot;background_background&quot;:&quot;classic&quot;,&quot;shape_divider_bottom&quot;:&quot;triangle&quot;,&quot;shape_divider_bottom_negative&quot;:&quot;yes&quot;}\">\n\t\t\t\t\t<div class=\"e-con-inner\">\n\t\t\t\t<div class=\"elementor-shape elementor-shape-bottom\" aria-hidden=\"true\" data-negative=\"true\">\n\t\t\t<svg xmlns=\"http:\/\/www.w3.org\/2000\/svg\" viewBox=\"0 0 1000 100\" preserveAspectRatio=\"none\">\n\t<path class=\"elementor-shape-fill\" d=\"M500.2,94.7L0,0v100h1000V0L500.2,94.7z\"\/>\n<\/svg>\t\t<\/div>\n\t\t\t\t<div class=\"elementor-element elementor-element-8d9ce79 elementor-invisible elementor-widget elementor-widget-heading\" data-id=\"8d9ce79\" data-element_type=\"widget\" data-e-type=\"widget\" data-settings=\"{&quot;_animation&quot;:&quot;fadeIn&quot;,&quot;_animation_mobile&quot;:&quot;none&quot;}\" data-widget_type=\"heading.default\">\n\t\t\t\t<div class=\"elementor-widget-container\">\n\t\t\t\t\t<h2 class=\"elementor-heading-title elementor-size-default\">Painting and Sculpture Exhibition at the Hotels Galileo and Net Tower<\/h2>\t\t\t\t<\/div>\n\t\t\t\t<\/div>\n\t\t\t\t<div class=\"elementor-element elementor-element-ba91e37 elementor-widget elementor-widget-text-editor\" data-id=\"ba91e37\" data-element_type=\"widget\" data-e-type=\"widget\" data-widget_type=\"text-editor.default\">\n\t\t\t\t<div class=\"elementor-widget-container\">\n\t\t\t\t\t\t\t\t\t<p>At the Hotels <strong>Galileo<\/strong> and <strong>Net Tower<\/strong>, we <strong>value our local artists&#8217; talent<\/strong> and we offer to our Guests and visitors a chance to admire a <strong>permanent art exhibition<\/strong> that showcases their creativity.<\/p>\n<p>Their work is displayed in our elegant common areas: each corner of the Hotel becomes an <strong>art gallery,<\/strong> offering to our Guests a <strong>unique and immersive experience<\/strong> in an elegant and inspiring location, which combines comfort and culture.<\/p>\n<p>The paintings and sculptures, carefully selected, are in a <strong>permanent exhibition<\/strong> and perfectly integrated in the elegant atmoshpere of our Hotels, so that everyone can enjoy their artistic value at any time.<\/p>\n<p>Whether you are an art enthusiast or simply curious to know more about local artists, <strong>you&#8217;ll always be welcome to admire our art collection<\/strong> (even if you don&#8217;t stay at the Hotel).<\/p>\n\t\t\t\t\t\t\t\t<\/div>\n\t\t\t\t<\/div>\n\t\t\t\t<div class=\"elementor-element elementor-element-f4c6238 elementor-invisible elementor-widget elementor-widget-heading\" data-id=\"f4c6238\" data-element_type=\"widget\" data-e-type=\"widget\" data-settings=\"{&quot;_animation&quot;:&quot;fadeIn&quot;,&quot;_animation_mobile&quot;:&quot;none&quot;}\" data-widget_type=\"heading.default\">\n\t\t\t\t<div class=\"elementor-widget-container\">\n\t\t\t\t\t<h2 class=\"elementor-heading-title elementor-size-default\">The Artists<\/h2>\t\t\t\t<\/div>\n\t\t\t\t<\/div>\n\t\t<div class=\"elementor-element elementor-element-ff98d9f e-con-full e-flex e-con e-child\" data-id=\"ff98d9f\" data-element_type=\"container\" data-e-type=\"container\" data-settings=\"{&quot;background_background&quot;:&quot;classic&quot;}\">\n\t\t<div class=\"elementor-element elementor-element-68635ae e-con-full e-flex e-con e-child\" data-id=\"68635ae\" data-element_type=\"container\" data-e-type=\"container\" data-settings=\"{&quot;background_background&quot;:&quot;classic&quot;}\">\n\t\t\t\t<div class=\"elementor-element elementor-element-717d99c animated-slow elementor-invisible elementor-widget elementor-widget-heading\" data-id=\"717d99c\" data-element_type=\"widget\" data-e-type=\"widget\" data-settings=\"{&quot;_animation&quot;:&quot;fadeIn&quot;,&quot;_animation_mobile&quot;:&quot;none&quot;,&quot;_animation_tablet&quot;:&quot;none&quot;}\" data-widget_type=\"heading.default\">\n\t\t\t\t<div class=\"elementor-widget-container\">\n\t\t\t\t\t<h3 class=\"elementor-heading-title elementor-size-default\">Giuseppe Boaretto<\/h3>\t\t\t\t<\/div>\n\t\t\t\t<\/div>\n\t\t\t\t<div class=\"elementor-element elementor-element-5874148 elementor-widget elementor-widget-text-editor\" data-id=\"5874148\" data-element_type=\"widget\" data-e-type=\"widget\" data-widget_type=\"text-editor.default\">\n\t\t\t\t<div class=\"elementor-widget-container\">\n\t\t\t\t\t\t\t\t\t<p>Artista padovano, \u00e8 nato a Galzignano Terme (Padova) nel 1928. <strong>Pittore espressionista<\/strong>, dipinge composizioni informali ad olio ed acquerello.<\/p>\n<p>Negli anni 1986, 1988, 1991 ha frequentato la \u201cSalzburg International Summer Academy of Fine Arts\u201d, dove ha incontrato personalit\u00e0 come il famoso fotografo francese Henri Cartier-Bresson, il pittore Georg Eisler ed il grande pittore veneziano Emilio Vedova.<\/p>\n<p>Giuseppe Boaretto \u00e8 pittore autodidatta, <strong>la sua pittura matura attraverso il contatto con la natura dei Colli Euganei e di \u201cterre nuove\u201d<\/strong> quali: l\u2019India, l\u2019America, la Cina, l\u2019Africa, le Isole dei Tropici e l\u2019amata Norvegia.<\/p>\n<p>Partecipa a mostre collettive e personali (Ferrara, 1983 &#8211; New York, Parigi, 1984 &#8211; Roma 1985, Palermo &#8211; 1987 &#8211; Innsbruck, 1985 \u2013 Montegrotto Terme, 1988, 1990, 1993 &#8211; Venezia 1991 &#8211; Venezia, Ferrara, Udine, 1992, 1992 &#8211; Cadiz, 1993 \u2013 Abano Terme 1995 &#8211; Londra, 1998), che hanno permesso di fare apprezzare le sue opere al pubblico. Alcune di esse hanno trovato <strong>collocazione in collezioni private<\/strong> in Italia e all\u2019estero.<\/p>\n<p><a href=\"https:\/\/www.blogger.com\/profile\/03055621520245907050\" target=\"_blank\" rel=\"noopener\">https:\/\/www.blogger.com\/profile\/03055621520245907050<\/a><\/p>\n<p><a href=\"https:\/\/noubs.wordpress.com\/2015\/12\/31\/su-giuseppe-boaretto-di-luciano-troisio\/\" target=\"_blank\" rel=\"noopener\">https:\/\/noubs.wordpress.com\/2015\/12\/31\/su-giuseppe-boaretto-di-luciano-troisio\/<\/a><\/p>\n\t\t\t\t\t\t\t\t<\/div>\n\t\t\t\t<\/div>\n\t\t\t\t<\/div>\n\t\t<div class=\"elementor-element elementor-element-2a8ba60 e-con-full e-flex e-con e-child\" data-id=\"2a8ba60\" data-element_type=\"container\" data-e-type=\"container\">\n\t\t\t\t<div class=\"elementor-element elementor-element-88b1a7f animated-slow elementor-invisible elementor-widget elementor-widget-heading\" data-id=\"88b1a7f\" data-element_type=\"widget\" data-e-type=\"widget\" data-settings=\"{&quot;_animation&quot;:&quot;fadeIn&quot;,&quot;_animation_mobile&quot;:&quot;none&quot;,&quot;_animation_tablet&quot;:&quot;none&quot;}\" data-widget_type=\"heading.default\">\n\t\t\t\t<div class=\"elementor-widget-container\">\n\t\t\t\t\t<h3 class=\"elementor-heading-title elementor-size-default\">Salviato Claudio Atocaio<\/h3>\t\t\t\t<\/div>\n\t\t\t\t<\/div>\n\t\t\t\t<div class=\"elementor-element elementor-element-c7ab84c elementor-widget elementor-widget-text-editor\" data-id=\"c7ab84c\" data-element_type=\"widget\" data-e-type=\"widget\" data-widget_type=\"text-editor.default\">\n\t\t\t\t<div class=\"elementor-widget-container\">\n\t\t\t\t\t\t\t\t\t<p>Artista e <strong>creativo dell&#8217;unico<\/strong>, si definisce cos\u00ec:<\/p>\n<p><em>&#8220;Creo oggetti d&#8217;arredo e in particolar modo CORPI illuminanti. Lavoro anche su specifiche RICHIESTE Amo &#8220;PERSONALIZZARE&#8221; la mia arte e &#8220;CREARE&#8221; per chi si identifica nel mio operato. <strong>Il filo conduttore di &#8220;TUTTO&#8221; quello che creo \u00e8 la filosofia del &#8220;PEZZO UNICO&#8221;<\/strong>. Il pezzo unico come condizione essenziale per poter superare continuamente il limite della mia sconfinata creativit\u00e0. Le opere presenti presso Hotel Galileo Padova vogliono essere solo un esempio del mio operato. La mia creativit\u00e0 va ben oltre al gi\u00e0 eseguito e non aspetta altro che <strong>nuovi stimoli<\/strong> per potersi continuamente rigenerare.&#8221;<\/em><\/p>\n<p><a href=\"https:\/\/urlsand.esvalabs.com\/?u=https%3A%2F%2Fwww.atocaio.it%2Fgalileo%2520vision.htm&amp;e=60e1a88c&amp;h=9379fe72&amp;f=y&amp;p=y\" target=\"_blank\" rel=\"noopener\">https:\/\/www.atocaio.it\/galileo%20vision.htm<\/a><\/p>\n<p><a href=\"https:\/\/urlsand.esvalabs.com\/?u=https%3A%2F%2Fwww.atocaio.it%2Ffreesby.htm&amp;e=60e1a88c&amp;h=e88a4983&amp;f=y&amp;p=y\" target=\"_blank\" rel=\"noopener\">https:\/\/www.atocaio.it\/freesby.htm<\/a><\/p>\n\t\t\t\t\t\t\t\t<\/div>\n\t\t\t\t<\/div>\n\t\t\t\t<\/div>\n\t\t\t\t<\/div>\n\t\t\t\t\t<\/div>\n\t\t\t\t<\/div>\n\t\t<div class=\"elementor-element elementor-element-0885a0c e-flex e-con-boxed e-con e-parent\" data-id=\"0885a0c\" data-element_type=\"container\" data-e-type=\"container\">\n\t\t\t\t\t<div class=\"e-con-inner\">\n\t\t\t\t<div class=\"elementor-element elementor-element-0d46c80 elementor-widget elementor-widget-gallery\" data-id=\"0d46c80\" data-element_type=\"widget\" data-e-type=\"widget\" data-settings=\"{&quot;columns&quot;:2,&quot;columns_tablet&quot;:3,&quot;columns_mobile&quot;:2,&quot;gap&quot;:{&quot;unit&quot;:&quot;px&quot;,&quot;size&quot;:5,&quot;sizes&quot;:[]},&quot;gap_tablet&quot;:{&quot;unit&quot;:&quot;px&quot;,&quot;size&quot;:5,&quot;sizes&quot;:[]},&quot;gap_mobile&quot;:{&quot;unit&quot;:&quot;px&quot;,&quot;size&quot;:5,&quot;sizes&quot;:[]},&quot;lazyload&quot;:&quot;yes&quot;,&quot;gallery_layout&quot;:&quot;grid&quot;,&quot;link_to&quot;:&quot;file&quot;,&quot;aspect_ratio&quot;:&quot;3:2&quot;,&quot;overlay_background&quot;:&quot;yes&quot;,&quot;content_hover_animation&quot;:&quot;fade-in&quot;}\" data-widget_type=\"gallery.default\">\n\t\t\t\t<div class=\"elementor-widget-container\">\n\t\t\t\t\t\t\t<div class=\"elementor-gallery__container\">\n\t\t\t\t\t\t\t<a class=\"e-gallery-item elementor-gallery-item elementor-animated-content\" href=\"https:\/\/www.hotelgalileopadova.it\/wp-content\/uploads\/sites\/57\/2024\/09\/Sculture-scaled.webp\" data-elementor-open-lightbox=\"yes\" data-elementor-lightbox-slideshow=\"0d46c80\" data-elementor-lightbox-title=\"Opere d&#039;arte\" data-elementor-lightbox-description=\"Opere d&#039;arte presso gli Hotel Galileo e Net Tower\" data-e-action-hash=\"#elementor-action%3Aaction%3Dlightbox%26settings%3DeyJpZCI6MzQxNywidXJsIjoiaHR0cHM6XC9cL3d3dy5ob3RlbGdhbGlsZW9wYWRvdmEuaXRcL3dwLWNvbnRlbnRcL3VwbG9hZHNcL3NpdGVzXC81N1wvMjAyNFwvMDlcL1NjdWx0dXJlLXNjYWxlZC53ZWJwIiwic2xpZGVzaG93IjoiMGQ0NmM4MCJ9\">\n\t\t\t\t\t<div class=\"e-gallery-image elementor-gallery-item__image\" data-thumbnail=\"https:\/\/www.hotelgalileopadova.it\/wp-content\/uploads\/sites\/57\/2024\/09\/Sculture-768x576.webp\" data-width=\"768\" data-height=\"576\" aria-label=\"Nell&#039;immagine, uno degli spazi comuni presso l&#039;hotel: si vedono due poltroncine bianche e, appeso alla parete, un quadro astratto sui toni del blu. Al soffitto, \u00e8 appeso un lampadario colorato di design.\" role=\"img\" ><\/div>\n\t\t\t\t\t\t\t\t\t\t\t<div class=\"elementor-gallery-item__overlay\"><\/div>\n\t\t\t\t\t\t\t\t\t\t\t\t\t\t<\/a>\n\t\t\t\t\t\t\t<a class=\"e-gallery-item elementor-gallery-item elementor-animated-content\" href=\"https:\/\/www.hotelgalileopadova.it\/wp-content\/uploads\/sites\/57\/2024\/09\/Sculture-2-scaled.webp\" data-elementor-open-lightbox=\"yes\" data-elementor-lightbox-slideshow=\"0d46c80\" data-elementor-lightbox-title=\"Opere d&#039;arte\" data-elementor-lightbox-description=\"Opere d&#039;arte presso gli Hotel Galileo e Net Tower\" data-e-action-hash=\"#elementor-action%3Aaction%3Dlightbox%26settings%3DeyJpZCI6MzQxNSwidXJsIjoiaHR0cHM6XC9cL3d3dy5ob3RlbGdhbGlsZW9wYWRvdmEuaXRcL3dwLWNvbnRlbnRcL3VwbG9hZHNcL3NpdGVzXC81N1wvMjAyNFwvMDlcL1NjdWx0dXJlLTItc2NhbGVkLndlYnAiLCJzbGlkZXNob3ciOiIwZDQ2YzgwIn0%3D\">\n\t\t\t\t\t<div class=\"e-gallery-image elementor-gallery-item__image\" data-thumbnail=\"https:\/\/www.hotelgalileopadova.it\/wp-content\/uploads\/sites\/57\/2024\/09\/Sculture-2-768x576.webp\" data-width=\"768\" data-height=\"576\" aria-label=\"Nell&#039;immagine, uno degli spazi comuni presso l&#039;hotel: si vedono due poltroncine bianche e due divani rossi. In fondo, c&#039;\u00e8 una scultura di colore nero e, appeso alla parete, un quadro astratto sui toni del blu. Al soffitto, \u00e8 appeso un lampadario colorato di design.\" role=\"img\" ><\/div>\n\t\t\t\t\t\t\t\t\t\t\t<div class=\"elementor-gallery-item__overlay\"><\/div>\n\t\t\t\t\t\t\t\t\t\t\t\t\t\t<\/a>\n\t\t\t\t\t\t\t<a class=\"e-gallery-item elementor-gallery-item elementor-animated-content\" href=\"https:\/\/www.hotelgalileopadova.it\/wp-content\/uploads\/sites\/57\/2024\/09\/Pitture-scaled.webp\" data-elementor-open-lightbox=\"yes\" data-elementor-lightbox-slideshow=\"0d46c80\" data-elementor-lightbox-title=\"Opere d&#039;arte\" data-elementor-lightbox-description=\"Opere d&#039;arte presso gli Hotel Galileo e Net Tower\" data-e-action-hash=\"#elementor-action%3Aaction%3Dlightbox%26settings%3DeyJpZCI6MzQxMywidXJsIjoiaHR0cHM6XC9cL3d3dy5ob3RlbGdhbGlsZW9wYWRvdmEuaXRcL3dwLWNvbnRlbnRcL3VwbG9hZHNcL3NpdGVzXC81N1wvMjAyNFwvMDlcL1BpdHR1cmUtc2NhbGVkLndlYnAiLCJzbGlkZXNob3ciOiIwZDQ2YzgwIn0%3D\">\n\t\t\t\t\t<div class=\"e-gallery-image elementor-gallery-item__image\" data-thumbnail=\"https:\/\/www.hotelgalileopadova.it\/wp-content\/uploads\/sites\/57\/2024\/09\/Pitture-768x509.webp\" data-width=\"768\" data-height=\"509\" aria-label=\"Nell&#039;immagine, il primo piano di un quadro presente presso l&#039;hotel: si tratta di un grande dipinto astratto con linee di colore blu. Davanti al quadro, ci sono due poltroncine nere.\" role=\"img\" ><\/div>\n\t\t\t\t\t\t\t\t\t\t\t<div class=\"elementor-gallery-item__overlay\"><\/div>\n\t\t\t\t\t\t\t\t\t\t\t\t\t\t<\/a>\n\t\t\t\t\t\t\t<a class=\"e-gallery-item elementor-gallery-item elementor-animated-content\" href=\"https:\/\/www.hotelgalileopadova.it\/wp-content\/uploads\/sites\/57\/2024\/09\/Pitture-2-scaled.webp\" data-elementor-open-lightbox=\"yes\" data-elementor-lightbox-slideshow=\"0d46c80\" data-elementor-lightbox-title=\"Opere d&#039;arte\" data-elementor-lightbox-description=\"Opere d&#039;arte presso gli Hotel Galileo e Net Tower\" data-e-action-hash=\"#elementor-action%3Aaction%3Dlightbox%26settings%3DeyJpZCI6MzQxMSwidXJsIjoiaHR0cHM6XC9cL3d3dy5ob3RlbGdhbGlsZW9wYWRvdmEuaXRcL3dwLWNvbnRlbnRcL3VwbG9hZHNcL3NpdGVzXC81N1wvMjAyNFwvMDlcL1BpdHR1cmUtMi1zY2FsZWQud2VicCIsInNsaWRlc2hvdyI6IjBkNDZjODAifQ%3D%3D\">\n\t\t\t\t\t<div class=\"e-gallery-image elementor-gallery-item__image\" data-thumbnail=\"https:\/\/www.hotelgalileopadova.it\/wp-content\/uploads\/sites\/57\/2024\/09\/Pitture-2-768x512.webp\" data-width=\"768\" data-height=\"512\" aria-label=\"Nell&#039;immagine, il primo piano di un quadro presente presso l&#039;hotel: si tratta di un dipinto astratto con linee di colore rosso. Davanti al quadro, un tavolino con due poltroncine nere.\" role=\"img\" ><\/div>\n\t\t\t\t\t\t\t\t\t\t\t<div class=\"elementor-gallery-item__overlay\"><\/div>\n\t\t\t\t\t\t\t\t\t\t\t\t\t\t<\/a>\n\t\t\t\t\t<\/div>\n\t\t\t\t\t<\/div>\n\t\t\t\t<\/div>\n\t\t\t\t\t<\/div>\n\t\t\t\t<\/div>\n\t\t\t\t<\/div>\n\t\t","protected":false},"excerpt":{"rendered":"<p>Art Exhibition Painting and Sculpture Exhibition at the Hotels Galileo and Net Tower At the Hotels Galileo and Net Tower, we value our local artists&#8217; talent and we offer to our Guests and visitors a chance to admire a permanent art exhibition that showcases their creativity. Their work is displayed in our elegant common areas: [&hellip;]<\/p>\n","protected":false},"author":7,"featured_media":0,"parent":0,"menu_order":0,"comment_status":"closed","ping_status":"closed","template":"","meta":{"footnotes":""},"class_list":["post-3408","page","type-page","status-publish","hentry"],"yoast_head":"<!-- This site is optimized with the Yoast SEO plugin v27.3 - https:\/\/yoast.com\/product\/yoast-seo-wordpress\/ -->\n<title>Art Exhibition - Hotel Galileo Padova<\/title>\n<meta name=\"description\" content=\"At the Hotel Galileo Padova, we value local artists&#039; talent with a permanent exhibition of their work.\" \/>\n<meta name=\"robots\" content=\"index, follow, max-snippet:-1, max-image-preview:large, max-video-preview:-1\" \/>\n<link rel=\"canonical\" href=\"https:\/\/www.hotelgalileopadova.it\/en\/art-exhibition\/\" \/>\n<meta property=\"og:locale\" content=\"en_US\" \/>\n<meta property=\"og:type\" content=\"article\" \/>\n<meta property=\"og:title\" content=\"Art Exhibition - Hotel Galileo Padova\" \/>\n<meta property=\"og:description\" content=\"At the Hotel Galileo Padova, we value local artists&#039; talent with a permanent exhibition of their work.\" \/>\n<meta property=\"og:url\" content=\"https:\/\/www.hotelgalileopadova.it\/en\/art-exhibition\/\" \/>\n<meta property=\"og:site_name\" content=\"98295 Galileo\" \/>\n<meta property=\"article:modified_time\" content=\"2024-09-27T12:52:36+00:00\" \/>\n<meta name=\"twitter:card\" content=\"summary_large_image\" \/>\n<meta name=\"twitter:label1\" content=\"Est. reading time\" \/>\n\t<meta name=\"twitter:data1\" content=\"2 minutes\" \/>\n<script type=\"application\/ld+json\" class=\"yoast-schema-graph\">{\"@context\":\"https:\\\/\\\/schema.org\",\"@graph\":[{\"@type\":\"WebPage\",\"@id\":\"https:\\\/\\\/www.hotelgalileopadova.it\\\/en\\\/art-exhibition\\\/\",\"url\":\"https:\\\/\\\/www.hotelgalileopadova.it\\\/en\\\/art-exhibition\\\/\",\"name\":\"Art Exhibition - Hotel Galileo Padova\",\"isPartOf\":{\"@id\":\"https:\\\/\\\/www.hotelgalileopadova.it\\\/en\\\/#website\"},\"datePublished\":\"2024-09-12T13:37:04+00:00\",\"dateModified\":\"2024-09-27T12:52:36+00:00\",\"description\":\"At the Hotel Galileo Padova, we value local artists' talent with a permanent exhibition of their work.\",\"breadcrumb\":{\"@id\":\"https:\\\/\\\/www.hotelgalileopadova.it\\\/en\\\/art-exhibition\\\/#breadcrumb\"},\"inLanguage\":\"en-US\",\"potentialAction\":[{\"@type\":\"ReadAction\",\"target\":[\"https:\\\/\\\/www.hotelgalileopadova.it\\\/en\\\/art-exhibition\\\/\"]}]},{\"@type\":\"BreadcrumbList\",\"@id\":\"https:\\\/\\\/www.hotelgalileopadova.it\\\/en\\\/art-exhibition\\\/#breadcrumb\",\"itemListElement\":[{\"@type\":\"ListItem\",\"position\":1,\"name\":\"Home\",\"item\":\"https:\\\/\\\/www.hotelgalileopadova.it\\\/en\\\/\"},{\"@type\":\"ListItem\",\"position\":2,\"name\":\"Art Exhibition\"}]},{\"@type\":\"WebSite\",\"@id\":\"https:\\\/\\\/www.hotelgalileopadova.it\\\/en\\\/#website\",\"url\":\"https:\\\/\\\/www.hotelgalileopadova.it\\\/en\\\/\",\"name\":\"98295 Galileo\",\"description\":\"\",\"publisher\":{\"@id\":\"https:\\\/\\\/www.hotelgalileopadova.it\\\/en\\\/#organization\"},\"potentialAction\":[{\"@type\":\"SearchAction\",\"target\":{\"@type\":\"EntryPoint\",\"urlTemplate\":\"https:\\\/\\\/www.hotelgalileopadova.it\\\/en\\\/?s={search_term_string}\"},\"query-input\":{\"@type\":\"PropertyValueSpecification\",\"valueRequired\":true,\"valueName\":\"search_term_string\"}}],\"inLanguage\":\"en-US\"},{\"@type\":\"Organization\",\"@id\":\"https:\\\/\\\/www.hotelgalileopadova.it\\\/en\\\/#organization\",\"name\":\"98295 Galileo\",\"url\":\"https:\\\/\\\/www.hotelgalileopadova.it\\\/en\\\/\",\"logo\":{\"@type\":\"ImageObject\",\"inLanguage\":\"en-US\",\"@id\":\"https:\\\/\\\/www.hotelgalileopadova.it\\\/en\\\/#\\\/schema\\\/logo\\\/image\\\/\",\"url\":\"https:\\\/\\\/www.hotelgalileopadova.it\\\/wp-content\\\/uploads\\\/sites\\\/57\\\/2024\\\/05\\\/BWPlus.png\",\"contentUrl\":\"https:\\\/\\\/www.hotelgalileopadova.it\\\/wp-content\\\/uploads\\\/sites\\\/57\\\/2024\\\/05\\\/BWPlus.png\",\"width\":420,\"height\":191,\"caption\":\"98295 Galileo\"},\"image\":{\"@id\":\"https:\\\/\\\/www.hotelgalileopadova.it\\\/en\\\/#\\\/schema\\\/logo\\\/image\\\/\"}}]}<\/script>\n<!-- \/ Yoast SEO plugin. -->","yoast_head_json":{"title":"Art Exhibition - Hotel Galileo Padova","description":"At the Hotel Galileo Padova, we value local artists' talent with a permanent exhibition of their work.","robots":{"index":"index","follow":"follow","max-snippet":"max-snippet:-1","max-image-preview":"max-image-preview:large","max-video-preview":"max-video-preview:-1"},"canonical":"https:\/\/www.hotelgalileopadova.it\/en\/art-exhibition\/","og_locale":"en_US","og_type":"article","og_title":"Art Exhibition - Hotel Galileo Padova","og_description":"At the Hotel Galileo Padova, we value local artists' talent with a permanent exhibition of their work.","og_url":"https:\/\/www.hotelgalileopadova.it\/en\/art-exhibition\/","og_site_name":"98295 Galileo","article_modified_time":"2024-09-27T12:52:36+00:00","twitter_card":"summary_large_image","twitter_misc":{"Est. reading time":"2 minutes"},"schema":{"@context":"https:\/\/schema.org","@graph":[{"@type":"WebPage","@id":"https:\/\/www.hotelgalileopadova.it\/en\/art-exhibition\/","url":"https:\/\/www.hotelgalileopadova.it\/en\/art-exhibition\/","name":"Art Exhibition - Hotel Galileo Padova","isPartOf":{"@id":"https:\/\/www.hotelgalileopadova.it\/en\/#website"},"datePublished":"2024-09-12T13:37:04+00:00","dateModified":"2024-09-27T12:52:36+00:00","description":"At the Hotel Galileo Padova, we value local artists' talent with a permanent exhibition of their work.","breadcrumb":{"@id":"https:\/\/www.hotelgalileopadova.it\/en\/art-exhibition\/#breadcrumb"},"inLanguage":"en-US","potentialAction":[{"@type":"ReadAction","target":["https:\/\/www.hotelgalileopadova.it\/en\/art-exhibition\/"]}]},{"@type":"BreadcrumbList","@id":"https:\/\/www.hotelgalileopadova.it\/en\/art-exhibition\/#breadcrumb","itemListElement":[{"@type":"ListItem","position":1,"name":"Home","item":"https:\/\/www.hotelgalileopadova.it\/en\/"},{"@type":"ListItem","position":2,"name":"Art Exhibition"}]},{"@type":"WebSite","@id":"https:\/\/www.hotelgalileopadova.it\/en\/#website","url":"https:\/\/www.hotelgalileopadova.it\/en\/","name":"98295 Galileo","description":"","publisher":{"@id":"https:\/\/www.hotelgalileopadova.it\/en\/#organization"},"potentialAction":[{"@type":"SearchAction","target":{"@type":"EntryPoint","urlTemplate":"https:\/\/www.hotelgalileopadova.it\/en\/?s={search_term_string}"},"query-input":{"@type":"PropertyValueSpecification","valueRequired":true,"valueName":"search_term_string"}}],"inLanguage":"en-US"},{"@type":"Organization","@id":"https:\/\/www.hotelgalileopadova.it\/en\/#organization","name":"98295 Galileo","url":"https:\/\/www.hotelgalileopadova.it\/en\/","logo":{"@type":"ImageObject","inLanguage":"en-US","@id":"https:\/\/www.hotelgalileopadova.it\/en\/#\/schema\/logo\/image\/","url":"https:\/\/www.hotelgalileopadova.it\/wp-content\/uploads\/sites\/57\/2024\/05\/BWPlus.png","contentUrl":"https:\/\/www.hotelgalileopadova.it\/wp-content\/uploads\/sites\/57\/2024\/05\/BWPlus.png","width":420,"height":191,"caption":"98295 Galileo"},"image":{"@id":"https:\/\/www.hotelgalileopadova.it\/en\/#\/schema\/logo\/image\/"}}]}},"_links":{"self":[{"href":"https:\/\/www.hotelgalileopadova.it\/en\/wp-json\/wp\/v2\/pages\/3408","targetHints":{"allow":["GET"]}}],"collection":[{"href":"https:\/\/www.hotelgalileopadova.it\/en\/wp-json\/wp\/v2\/pages"}],"about":[{"href":"https:\/\/www.hotelgalileopadova.it\/en\/wp-json\/wp\/v2\/types\/page"}],"author":[{"embeddable":true,"href":"https:\/\/www.hotelgalileopadova.it\/en\/wp-json\/wp\/v2\/users\/7"}],"replies":[{"embeddable":true,"href":"https:\/\/www.hotelgalileopadova.it\/en\/wp-json\/wp\/v2\/comments?post=3408"}],"version-history":[{"count":0,"href":"https:\/\/www.hotelgalileopadova.it\/en\/wp-json\/wp\/v2\/pages\/3408\/revisions"}],"wp:attachment":[{"href":"https:\/\/www.hotelgalileopadova.it\/en\/wp-json\/wp\/v2\/media?parent=3408"}],"curies":[{"name":"wp","href":"https:\/\/api.w.org\/{rel}","templated":true}]}}