{"id":2612,"date":"2024-06-03T13:59:25","date_gmt":"2024-06-03T11:59:25","guid":{"rendered":"https:\/\/98295-galileo.tempwebsite.it\/rooms\/family-room\/"},"modified":"2025-04-09T12:06:46","modified_gmt":"2025-04-09T10:06:46","slug":"family-room","status":"publish","type":"page","link":"https:\/\/www.hotelgalileopadova.it\/en\/rooms-hotel-padua\/family-room\/","title":{"rendered":"Family room"},"content":{"rendered":"\t\t<div data-elementor-type=\"wp-page\" data-elementor-id=\"2612\" class=\"elementor elementor-2612 elementor-1125\" data-elementor-post-type=\"page\">\n\t\t\t\t<div class=\"elementor-element elementor-element-571e692 e-con-full e-flex e-con e-parent\" data-id=\"571e692\" data-element_type=\"container\" data-e-type=\"container\" data-settings=\"{&quot;background_background&quot;:&quot;classic&quot;}\">\n\t\t<div class=\"elementor-element elementor-element-ca159a5 e-con-full e-flex e-con e-child\" data-id=\"ca159a5\" data-element_type=\"container\" data-e-type=\"container\">\n\t\t\t\t<div class=\"elementor-element elementor-element-9f9f8ba elementor-widget elementor-widget-heading\" data-id=\"9f9f8ba\" data-element_type=\"widget\" data-e-type=\"widget\" data-widget_type=\"heading.default\">\n\t\t\t\t<div class=\"elementor-widget-container\">\n\t\t\t\t\t<h1 class=\"elementor-heading-title elementor-size-default\">FAMILY ROOM<\/h1>\t\t\t\t<\/div>\n\t\t\t\t<\/div>\n\t\t\t\t<\/div>\n\t\t\t\t<\/div>\n\t\t<div class=\"elementor-element elementor-element-5244fa0 e-flex e-con-boxed e-con e-parent\" data-id=\"5244fa0\" data-element_type=\"container\" data-e-type=\"container\" data-settings=\"{&quot;background_background&quot;:&quot;classic&quot;,&quot;shape_divider_bottom&quot;:&quot;triangle&quot;,&quot;shape_divider_bottom_negative&quot;:&quot;yes&quot;}\">\n\t\t\t\t\t<div class=\"e-con-inner\">\n\t\t\t\t<div class=\"elementor-shape elementor-shape-bottom\" aria-hidden=\"true\" data-negative=\"true\">\n\t\t\t<svg xmlns=\"http:\/\/www.w3.org\/2000\/svg\" viewBox=\"0 0 1000 100\" preserveAspectRatio=\"none\">\n\t<path class=\"elementor-shape-fill\" d=\"M500.2,94.7L0,0v100h1000V0L500.2,94.7z\"\/>\n<\/svg>\t\t<\/div>\n\t\t<div class=\"elementor-element elementor-element-e1bb519 e-con-full e-flex e-con e-child\" data-id=\"e1bb519\" data-element_type=\"container\" data-e-type=\"container\">\n\t\t\t\t<div class=\"elementor-element elementor-element-4334f4c elementor-invisible elementor-widget elementor-widget-heading\" data-id=\"4334f4c\" data-element_type=\"widget\" data-e-type=\"widget\" data-settings=\"{&quot;_animation&quot;:&quot;fadeIn&quot;,&quot;_animation_mobile&quot;:&quot;none&quot;}\" data-widget_type=\"heading.default\">\n\t\t\t\t<div class=\"elementor-widget-container\">\n\t\t\t\t\t<h2 class=\"elementor-heading-title elementor-size-default\">for a holiday with your family in Padua<\/h2>\t\t\t\t<\/div>\n\t\t\t\t<\/div>\n\t\t\t\t<div class=\"elementor-element elementor-element-c5129af elementor-widget elementor-widget-text-editor\" data-id=\"c5129af\" data-element_type=\"widget\" data-e-type=\"widget\" data-widget_type=\"text-editor.default\">\n\t\t\t\t<div class=\"elementor-widget-container\">\n\t\t\t\t\t\t\t\t\t<p>The Best Western Plus Hotel Galileo Padova provides comfortable Family rooms of about <strong>52 square meters<\/strong>, perfect for families or groups of friends up to 5 people.<\/p><p>The Family rooms are composed by two interconnecting rooms with a <strong>Queen-size<\/strong> bed and an extra bed. Upon request we can provide two single beds.<\/p><p>The rooms have <strong>two bathrooms<\/strong> and two separate entrances in order to guarantee more <strong>independence <\/strong> to the Guests.<\/p>\t\t\t\t\t\t\t\t<\/div>\n\t\t\t\t<\/div>\n\t\t\t\t<\/div>\n\t\t\t\t\t<\/div>\n\t\t\t\t<\/div>\n\t\t<div class=\"elementor-element elementor-element-b963427 e-flex e-con-boxed e-con e-parent\" data-id=\"b963427\" data-element_type=\"container\" data-e-type=\"container\" data-settings=\"{&quot;background_background&quot;:&quot;classic&quot;}\">\n\t\t\t\t\t<div class=\"e-con-inner\">\n\t\t<div class=\"elementor-element elementor-element-8828de3 e-con-full e-flex e-con e-child\" data-id=\"8828de3\" data-element_type=\"container\" data-e-type=\"container\" data-settings=\"{&quot;background_background&quot;:&quot;classic&quot;}\">\n\t\t\t\t<div class=\"elementor-element elementor-element-c07b5be elementor-widget elementor-widget-heading\" data-id=\"c07b5be\" data-element_type=\"widget\" data-e-type=\"widget\" data-widget_type=\"heading.default\">\n\t\t\t\t<div class=\"elementor-widget-container\">\n\t\t\t\t\t<h3 class=\"elementor-heading-title elementor-size-default\">Services available in the room<\/h3>\t\t\t\t<\/div>\n\t\t\t\t<\/div>\n\t\t\t\t<\/div>\n\t\t<div class=\"elementor-element elementor-element-a24bd1d e-con-full e-flex e-con e-child\" data-id=\"a24bd1d\" data-element_type=\"container\" data-e-type=\"container\" data-settings=\"{&quot;background_background&quot;:&quot;classic&quot;}\">\n\t\t\t\t<div class=\"elementor-element elementor-element-e5c3646 elementor-align-start elementor-icon-list--layout-traditional elementor-list-item-link-full_width elementor-widget elementor-widget-icon-list\" data-id=\"e5c3646\" data-element_type=\"widget\" data-e-type=\"widget\" data-widget_type=\"icon-list.default\">\n\t\t\t\t<div class=\"elementor-widget-container\">\n\t\t\t\t\t\t\t<ul class=\"elementor-icon-list-items\">\n\t\t\t\t\t\t\t<li class=\"elementor-icon-list-item\">\n\t\t\t\t\t\t\t\t\t\t\t<span class=\"elementor-icon-list-icon\">\n\t\t\t\t\t\t\t<svg aria-hidden=\"true\" class=\"e-font-icon-svg e-fas-wifi\" viewBox=\"0 0 640 512\" xmlns=\"http:\/\/www.w3.org\/2000\/svg\"><path d=\"M634.91 154.88C457.74-8.99 182.19-8.93 5.09 154.88c-6.66 6.16-6.79 16.59-.35 22.98l34.24 33.97c6.14 6.1 16.02 6.23 22.4.38 145.92-133.68 371.3-133.71 517.25 0 6.38 5.85 16.26 5.71 22.4-.38l34.24-33.97c6.43-6.39 6.3-16.82-.36-22.98zM320 352c-35.35 0-64 28.65-64 64s28.65 64 64 64 64-28.65 64-64-28.65-64-64-64zm202.67-83.59c-115.26-101.93-290.21-101.82-405.34 0-6.9 6.1-7.12 16.69-.57 23.15l34.44 33.99c6 5.92 15.66 6.32 22.05.8 83.95-72.57 209.74-72.41 293.49 0 6.39 5.52 16.05 5.13 22.05-.8l34.44-33.99c6.56-6.46 6.33-17.06-.56-23.15z\"><\/path><\/svg>\t\t\t\t\t\t<\/span>\n\t\t\t\t\t\t\t\t\t\t<span class=\"elementor-icon-list-text\">Free Wi-Fi<\/span>\n\t\t\t\t\t\t\t\t\t<\/li>\n\t\t\t\t\t\t\t\t<li class=\"elementor-icon-list-item\">\n\t\t\t\t\t\t\t\t\t\t\t<span class=\"elementor-icon-list-icon\">\n\t\t\t\t\t\t\t<svg aria-hidden=\"true\" class=\"e-font-icon-svg e-fas-tv\" viewBox=\"0 0 640 512\" xmlns=\"http:\/\/www.w3.org\/2000\/svg\"><path d=\"M592 0H48A48 48 0 0 0 0 48v320a48 48 0 0 0 48 48h240v32H112a16 16 0 0 0-16 16v32a16 16 0 0 0 16 16h416a16 16 0 0 0 16-16v-32a16 16 0 0 0-16-16H352v-32h240a48 48 0 0 0 48-48V48a48 48 0 0 0-48-48zm-16 352H64V64h512z\"><\/path><\/svg>\t\t\t\t\t\t<\/span>\n\t\t\t\t\t\t\t\t\t\t<span class=\"elementor-icon-list-text\">55'' Smart TV<\/span>\n\t\t\t\t\t\t\t\t\t<\/li>\n\t\t\t\t\t\t\t\t<li class=\"elementor-icon-list-item\">\n\t\t\t\t\t\t\t\t\t\t\t<span class=\"elementor-icon-list-icon\">\n\t\t\t\t\t\t\t<svg aria-hidden=\"true\" class=\"e-font-icon-svg e-fas-mug-hot\" viewBox=\"0 0 512 512\" xmlns=\"http:\/\/www.w3.org\/2000\/svg\"><path d=\"M127.1 146.5c1.3 7.7 8 13.5 16 13.5h16.5c9.8 0 17.6-8.5 16.3-18-3.8-28.2-16.4-54.2-36.6-74.7-14.4-14.7-23.6-33.3-26.4-53.5C111.8 5.9 105 0 96.8 0H80.4C70.6 0 63 8.5 64.1 18c3.9 31.9 18 61.3 40.6 84.4 12 12.2 19.7 27.5 22.4 44.1zm112 0c1.3 7.7 8 13.5 16 13.5h16.5c9.8 0 17.6-8.5 16.3-18-3.8-28.2-16.4-54.2-36.6-74.7-14.4-14.7-23.6-33.3-26.4-53.5C223.8 5.9 217 0 208.8 0h-16.4c-9.8 0-17.5 8.5-16.3 18 3.9 31.9 18 61.3 40.6 84.4 12 12.2 19.7 27.5 22.4 44.1zM400 192H32c-17.7 0-32 14.3-32 32v192c0 53 43 96 96 96h192c53 0 96-43 96-96h16c61.8 0 112-50.2 112-112s-50.2-112-112-112zm0 160h-16v-96h16c26.5 0 48 21.5 48 48s-21.5 48-48 48z\"><\/path><\/svg>\t\t\t\t\t\t<\/span>\n\t\t\t\t\t\t\t\t\t\t<span class=\"elementor-icon-list-text\">Kettle for tea and coffee<\/span>\n\t\t\t\t\t\t\t\t\t<\/li>\n\t\t\t\t\t\t\t\t<li class=\"elementor-icon-list-item\">\n\t\t\t\t\t\t\t\t\t\t\t<span class=\"elementor-icon-list-icon\">\n\t\t\t\t\t\t\t<svg aria-hidden=\"true\" class=\"e-font-icon-svg e-fas-lock\" viewBox=\"0 0 448 512\" xmlns=\"http:\/\/www.w3.org\/2000\/svg\"><path d=\"M400 224h-24v-72C376 68.2 307.8 0 224 0S72 68.2 72 152v72H48c-26.5 0-48 21.5-48 48v192c0 26.5 21.5 48 48 48h352c26.5 0 48-21.5 48-48V272c0-26.5-21.5-48-48-48zm-104 0H152v-72c0-39.7 32.3-72 72-72s72 32.3 72 72v72z\"><\/path><\/svg>\t\t\t\t\t\t<\/span>\n\t\t\t\t\t\t\t\t\t\t<span class=\"elementor-icon-list-text\">Extra-large safebox with electric socket for laptops<\/span>\n\t\t\t\t\t\t\t\t\t<\/li>\n\t\t\t\t\t\t\t\t<li class=\"elementor-icon-list-item\">\n\t\t\t\t\t\t\t\t\t\t\t<span class=\"elementor-icon-list-icon\">\n\t\t\t\t\t\t\t<svg aria-hidden=\"true\" class=\"e-font-icon-svg e-fas-glass-cheers\" viewBox=\"0 0 640 512\" xmlns=\"http:\/\/www.w3.org\/2000\/svg\"><path d=\"M639.4 433.6c-8.4-20.4-31.8-30.1-52.2-21.6l-22.1 9.2-38.7-101.9c47.9-35 64.8-100.3 34.5-152.8L474.3 16c-8-13.9-25.1-19.7-40-13.6L320 49.8 205.7 2.4c-14.9-6.2-32-.3-40 13.6L79.1 166.5C48.9 219 65.7 284.3 113.6 319.2L74.9 421.1l-22.1-9.2c-20.4-8.5-43.7 1.2-52.2 21.6-1.7 4.1.2 8.8 4.3 10.5l162.3 67.4c4.1 1.7 8.7-.2 10.4-4.3 8.4-20.4-1.2-43.8-21.6-52.3l-22.1-9.2L173.3 342c4.4.5 8.8 1.3 13.1 1.3 51.7 0 99.4-33.1 113.4-85.3l20.2-75.4 20.2 75.4c14 52.2 61.7 85.3 113.4 85.3 4.3 0 8.7-.8 13.1-1.3L506 445.6l-22.1 9.2c-20.4 8.5-30.1 31.9-21.6 52.3 1.7 4.1 6.4 6 10.4 4.3L635.1 444c4-1.7 6-6.3 4.3-10.4zM275.9 162.1l-112.1-46.5 36.5-63.4 94.5 39.2-18.9 70.7zm88.2 0l-18.9-70.7 94.5-39.2 36.5 63.4-112.1 46.5z\"><\/path><\/svg>\t\t\t\t\t\t<\/span>\n\t\t\t\t\t\t\t\t\t\t<span class=\"elementor-icon-list-text\">Minibar (for a fee)<\/span>\n\t\t\t\t\t\t\t\t\t<\/li>\n\t\t\t\t\t\t<\/ul>\n\t\t\t\t\t\t<\/div>\n\t\t\t\t<\/div>\n\t\t\t\t<\/div>\n\t\t\t\t\t<\/div>\n\t\t\t\t<\/div>\n\t\t<div class=\"elementor-element elementor-element-02c98dc e-flex e-con-boxed e-con e-parent\" data-id=\"02c98dc\" data-element_type=\"container\" data-e-type=\"container\">\n\t\t\t\t\t<div class=\"e-con-inner\">\n\t\t\t\t<div class=\"elementor-element elementor-element-84e75bf elementor-widget elementor-widget-gallery\" data-id=\"84e75bf\" data-element_type=\"widget\" data-e-type=\"widget\" data-settings=\"{&quot;columns&quot;:2,&quot;aspect_ratio&quot;:&quot;4:3&quot;,&quot;gap&quot;:{&quot;unit&quot;:&quot;px&quot;,&quot;size&quot;:5,&quot;sizes&quot;:[]},&quot;lazyload&quot;:&quot;yes&quot;,&quot;gallery_layout&quot;:&quot;grid&quot;,&quot;columns_tablet&quot;:2,&quot;columns_mobile&quot;:1,&quot;gap_tablet&quot;:{&quot;unit&quot;:&quot;px&quot;,&quot;size&quot;:10,&quot;sizes&quot;:[]},&quot;gap_mobile&quot;:{&quot;unit&quot;:&quot;px&quot;,&quot;size&quot;:10,&quot;sizes&quot;:[]},&quot;link_to&quot;:&quot;file&quot;,&quot;overlay_background&quot;:&quot;yes&quot;,&quot;content_hover_animation&quot;:&quot;fade-in&quot;}\" data-widget_type=\"gallery.default\">\n\t\t\t\t<div class=\"elementor-widget-container\">\n\t\t\t\t\t\t\t<div class=\"elementor-gallery__container\">\n\t\t\t\t\t\t\t<a class=\"e-gallery-item elementor-gallery-item elementor-animated-content\" href=\"https:\/\/www.hotelgalileopadova.it\/wp-content\/uploads\/sites\/57\/2024\/05\/camera-family.webp\" data-elementor-open-lightbox=\"yes\" data-elementor-lightbox-slideshow=\"84e75bf\" data-elementor-lightbox-title=\"Camera Family - Hotel Galileo Padova\" data-elementor-lightbox-description=\"Camera Family dell&#039;Hotel Galileo Padova 4 stelle\" data-e-action-hash=\"#elementor-action%3Aaction%3Dlightbox%26settings%3DeyJpZCI6MjI1LCJ1cmwiOiJodHRwczpcL1wvd3d3LmhvdGVsZ2FsaWxlb3BhZG92YS5pdFwvd3AtY29udGVudFwvdXBsb2Fkc1wvc2l0ZXNcLzU3XC8yMDI0XC8wNVwvY2FtZXJhLWZhbWlseS53ZWJwIiwic2xpZGVzaG93IjoiODRlNzViZiJ9\">\n\t\t\t\t\t<div class=\"e-gallery-image elementor-gallery-item__image\" data-thumbnail=\"https:\/\/www.hotelgalileopadova.it\/wp-content\/uploads\/sites\/57\/2024\/05\/camera-family-1024x683.webp\" data-width=\"800\" data-height=\"534\" aria-label=\"Nell&#039;immagine, uno scorcio della camera Family dell&#039;Hotel Galileo Padova: si vede un tavolo con due poltroncine. Sul tavolo, c&#039;\u00e8 un vassoio con un bollitore e due tazze. Alla parete, \u00e8 appesa una TV. Di fianco, c&#039;\u00e8 uno specchio su cui si vede, riflesso, il letto matrimoniale con il comodino.\" role=\"img\" ><\/div>\n\t\t\t\t\t\t\t\t\t\t\t<div class=\"elementor-gallery-item__overlay\"><\/div>\n\t\t\t\t\t\t\t\t\t\t\t\t\t\t<\/a>\n\t\t\t\t\t\t\t<a class=\"e-gallery-item elementor-gallery-item elementor-animated-content\" href=\"https:\/\/www.hotelgalileopadova.it\/wp-content\/uploads\/sites\/57\/2024\/05\/camera-family-2.webp\" data-elementor-open-lightbox=\"yes\" data-elementor-lightbox-slideshow=\"84e75bf\" data-elementor-lightbox-title=\"Bagno in camera- Hotel Galileo Padova\" data-elementor-lightbox-description=\"Bagno in camera dell&#039;Hotel Galileo Padova 4 stelle\" data-e-action-hash=\"#elementor-action%3Aaction%3Dlightbox%26settings%3DeyJpZCI6MjIzLCJ1cmwiOiJodHRwczpcL1wvd3d3LmhvdGVsZ2FsaWxlb3BhZG92YS5pdFwvd3AtY29udGVudFwvdXBsb2Fkc1wvc2l0ZXNcLzU3XC8yMDI0XC8wNVwvY2FtZXJhLWZhbWlseS0yLndlYnAiLCJzbGlkZXNob3ciOiI4NGU3NWJmIn0%3D\">\n\t\t\t\t\t<div class=\"e-gallery-image elementor-gallery-item__image\" data-thumbnail=\"https:\/\/www.hotelgalileopadova.it\/wp-content\/uploads\/sites\/57\/2024\/05\/camera-family-2-1024x939.webp\" data-width=\"800\" data-height=\"734\" aria-label=\"Nell&#039;immagine, il bagno in camera dell&#039;Hotel Galileo Padova: sulla sinistra, si vede la doccia e, di fianco, i sanitari con sopra lo scaldasalviette. Sulla destra, si intravede il lavandino e uno specchio ingranditore.\" role=\"img\" ><\/div>\n\t\t\t\t\t\t\t\t\t\t\t<div class=\"elementor-gallery-item__overlay\"><\/div>\n\t\t\t\t\t\t\t\t\t\t\t\t\t\t<\/a>\n\t\t\t\t\t<\/div>\n\t\t\t\t\t<\/div>\n\t\t\t\t<\/div>\n\t\t\t\t\t<\/div>\n\t\t\t\t<\/div>\n\t\t<div class=\"elementor-element elementor-element-cb2fed0 e-flex e-con-boxed e-con e-parent\" data-id=\"cb2fed0\" data-element_type=\"container\" data-e-type=\"container\">\n\t\t\t\t\t<div class=\"e-con-inner\">\n\t\t\t\t<div class=\"elementor-element elementor-element-4f28bb6 elementor-align-center elementor-widget elementor-widget-button\" data-id=\"4f28bb6\" data-element_type=\"widget\" data-e-type=\"widget\" data-widget_type=\"button.default\">\n\t\t\t\t<div class=\"elementor-widget-container\">\n\t\t\t\t\t\t\t\t\t<div class=\"elementor-button-wrapper\">\n\t\t\t\t\t<a class=\"elementor-button elementor-button-link elementor-size-sm\" href=\"https:\/\/www.hotelgalileopadova.it\/en\/rooms-hotel-padua\/\">\n\t\t\t\t\t\t<span class=\"elementor-button-content-wrapper\">\n\t\t\t\t\t\t\t\t\t<span class=\"elementor-button-text\">Discover the other rooms<\/span>\n\t\t\t\t\t<\/span>\n\t\t\t\t\t<\/a>\n\t\t\t\t<\/div>\n\t\t\t\t\t\t\t\t<\/div>\n\t\t\t\t<\/div>\n\t\t\t\t\t<\/div>\n\t\t\t\t<\/div>\n\t\t\t\t<\/div>\n\t\t","protected":false},"excerpt":{"rendered":"<p>FAMILY ROOM for a holiday with your family in Padua The Best Western Plus Hotel Galileo Padova provides comfortable Family rooms of about 52 square meters, perfect for families or groups of friends up to 5 people. The Family rooms are composed by two interconnecting rooms with a Queen-size bed and an extra bed. Upon [&hellip;]<\/p>\n","protected":false},"author":7,"featured_media":2171,"parent":2596,"menu_order":0,"comment_status":"closed","ping_status":"closed","template":"","meta":{"footnotes":""},"class_list":["post-2612","page","type-page","status-publish","has-post-thumbnail","hentry"],"yoast_head":"<!-- This site is optimized with the Yoast SEO plugin v27.3 - https:\/\/yoast.com\/product\/yoast-seo-wordpress\/ -->\n<title>Family rooms in Padua - 4-star Hotel Galileo<\/title>\n<meta name=\"description\" content=\"Discover the services of the Family rooms of the Hotel Galileo in Padua and have a comfortable stay with your family up to 5 people.\" \/>\n<meta name=\"robots\" content=\"index, follow, max-snippet:-1, max-image-preview:large, max-video-preview:-1\" \/>\n<link rel=\"canonical\" href=\"https:\/\/www.hotelgalileopadova.it\/en\/rooms-hotel-padua\/family-room\/\" \/>\n<meta property=\"og:locale\" content=\"en_US\" \/>\n<meta property=\"og:type\" content=\"article\" \/>\n<meta property=\"og:title\" content=\"Family rooms in Padua - 4-star Hotel Galileo\" \/>\n<meta property=\"og:description\" content=\"Discover the services of the Family rooms of the Hotel Galileo in Padua and have a comfortable stay with your family up to 5 people.\" \/>\n<meta property=\"og:url\" content=\"https:\/\/www.hotelgalileopadova.it\/en\/rooms-hotel-padua\/family-room\/\" \/>\n<meta property=\"og:site_name\" content=\"98295 Galileo\" \/>\n<meta property=\"article:modified_time\" content=\"2025-04-09T10:06:46+00:00\" \/>\n<meta property=\"og:image\" content=\"https:\/\/bwh-cdn.neen.dev\/wp-content\/uploads\/sites\/57\/2024\/05\/camera-family.webp\" \/>\n\t<meta property=\"og:image:width\" content=\"1920\" \/>\n\t<meta property=\"og:image:height\" content=\"1281\" \/>\n\t<meta property=\"og:image:type\" content=\"image\/webp\" \/>\n<meta name=\"twitter:card\" content=\"summary_large_image\" \/>\n<meta name=\"twitter:label1\" content=\"Est. reading time\" \/>\n\t<meta name=\"twitter:data1\" content=\"1 minute\" \/>\n<script type=\"application\/ld+json\" class=\"yoast-schema-graph\">{\"@context\":\"https:\\\/\\\/schema.org\",\"@graph\":[{\"@type\":\"WebPage\",\"@id\":\"https:\\\/\\\/www.hotelgalileopadova.it\\\/en\\\/rooms-hotel-padua\\\/family-room\\\/\",\"url\":\"https:\\\/\\\/www.hotelgalileopadova.it\\\/en\\\/rooms-hotel-padua\\\/family-room\\\/\",\"name\":\"Family rooms in Padua - 4-star Hotel Galileo\",\"isPartOf\":{\"@id\":\"https:\\\/\\\/www.hotelgalileopadova.it\\\/en\\\/#website\"},\"primaryImageOfPage\":{\"@id\":\"https:\\\/\\\/www.hotelgalileopadova.it\\\/en\\\/rooms-hotel-padua\\\/family-room\\\/#primaryimage\"},\"image\":{\"@id\":\"https:\\\/\\\/www.hotelgalileopadova.it\\\/en\\\/rooms-hotel-padua\\\/family-room\\\/#primaryimage\"},\"thumbnailUrl\":\"https:\\\/\\\/www.hotelgalileopadova.it\\\/wp-content\\\/uploads\\\/sites\\\/57\\\/2024\\\/05\\\/camera-family.webp\",\"datePublished\":\"2024-06-03T11:59:25+00:00\",\"dateModified\":\"2025-04-09T10:06:46+00:00\",\"description\":\"Discover the services of the Family rooms of the Hotel Galileo in Padua and have a comfortable stay with your family up to 5 people.\",\"breadcrumb\":{\"@id\":\"https:\\\/\\\/www.hotelgalileopadova.it\\\/en\\\/rooms-hotel-padua\\\/family-room\\\/#breadcrumb\"},\"inLanguage\":\"en-US\",\"potentialAction\":[{\"@type\":\"ReadAction\",\"target\":[\"https:\\\/\\\/www.hotelgalileopadova.it\\\/en\\\/rooms-hotel-padua\\\/family-room\\\/\"]}]},{\"@type\":\"ImageObject\",\"inLanguage\":\"en-US\",\"@id\":\"https:\\\/\\\/www.hotelgalileopadova.it\\\/en\\\/rooms-hotel-padua\\\/family-room\\\/#primaryimage\",\"url\":\"https:\\\/\\\/www.hotelgalileopadova.it\\\/wp-content\\\/uploads\\\/sites\\\/57\\\/2024\\\/05\\\/camera-family.webp\",\"contentUrl\":\"https:\\\/\\\/www.hotelgalileopadova.it\\\/wp-content\\\/uploads\\\/sites\\\/57\\\/2024\\\/05\\\/camera-family.webp\",\"width\":1920,\"height\":1281,\"caption\":\"Family room - Hotel Galileo Padova\"},{\"@type\":\"BreadcrumbList\",\"@id\":\"https:\\\/\\\/www.hotelgalileopadova.it\\\/en\\\/rooms-hotel-padua\\\/family-room\\\/#breadcrumb\",\"itemListElement\":[{\"@type\":\"ListItem\",\"position\":1,\"name\":\"Home\",\"item\":\"https:\\\/\\\/www.hotelgalileopadova.it\\\/en\\\/\"},{\"@type\":\"ListItem\",\"position\":2,\"name\":\"Rooms\",\"item\":\"https:\\\/\\\/www.hotelgalileopadova.it\\\/en\\\/rooms-hotel-padua\\\/\"},{\"@type\":\"ListItem\",\"position\":3,\"name\":\"Family room\"}]},{\"@type\":\"WebSite\",\"@id\":\"https:\\\/\\\/www.hotelgalileopadova.it\\\/en\\\/#website\",\"url\":\"https:\\\/\\\/www.hotelgalileopadova.it\\\/en\\\/\",\"name\":\"98295 Galileo\",\"description\":\"\",\"publisher\":{\"@id\":\"https:\\\/\\\/www.hotelgalileopadova.it\\\/en\\\/#organization\"},\"potentialAction\":[{\"@type\":\"SearchAction\",\"target\":{\"@type\":\"EntryPoint\",\"urlTemplate\":\"https:\\\/\\\/www.hotelgalileopadova.it\\\/en\\\/?s={search_term_string}\"},\"query-input\":{\"@type\":\"PropertyValueSpecification\",\"valueRequired\":true,\"valueName\":\"search_term_string\"}}],\"inLanguage\":\"en-US\"},{\"@type\":\"Organization\",\"@id\":\"https:\\\/\\\/www.hotelgalileopadova.it\\\/en\\\/#organization\",\"name\":\"98295 Galileo\",\"url\":\"https:\\\/\\\/www.hotelgalileopadova.it\\\/en\\\/\",\"logo\":{\"@type\":\"ImageObject\",\"inLanguage\":\"en-US\",\"@id\":\"https:\\\/\\\/www.hotelgalileopadova.it\\\/en\\\/#\\\/schema\\\/logo\\\/image\\\/\",\"url\":\"https:\\\/\\\/www.hotelgalileopadova.it\\\/wp-content\\\/uploads\\\/sites\\\/57\\\/2024\\\/05\\\/BWPlus.png\",\"contentUrl\":\"https:\\\/\\\/www.hotelgalileopadova.it\\\/wp-content\\\/uploads\\\/sites\\\/57\\\/2024\\\/05\\\/BWPlus.png\",\"width\":420,\"height\":191,\"caption\":\"98295 Galileo\"},\"image\":{\"@id\":\"https:\\\/\\\/www.hotelgalileopadova.it\\\/en\\\/#\\\/schema\\\/logo\\\/image\\\/\"}}]}<\/script>\n<!-- \/ Yoast SEO plugin. -->","yoast_head_json":{"title":"Family rooms in Padua - 4-star Hotel Galileo","description":"Discover the services of the Family rooms of the Hotel Galileo in Padua and have a comfortable stay with your family up to 5 people.","robots":{"index":"index","follow":"follow","max-snippet":"max-snippet:-1","max-image-preview":"max-image-preview:large","max-video-preview":"max-video-preview:-1"},"canonical":"https:\/\/www.hotelgalileopadova.it\/en\/rooms-hotel-padua\/family-room\/","og_locale":"en_US","og_type":"article","og_title":"Family rooms in Padua - 4-star Hotel Galileo","og_description":"Discover the services of the Family rooms of the Hotel Galileo in Padua and have a comfortable stay with your family up to 5 people.","og_url":"https:\/\/www.hotelgalileopadova.it\/en\/rooms-hotel-padua\/family-room\/","og_site_name":"98295 Galileo","article_modified_time":"2025-04-09T10:06:46+00:00","og_image":[{"width":1920,"height":1281,"url":"https:\/\/bwh-cdn.neen.dev\/wp-content\/uploads\/sites\/57\/2024\/05\/camera-family.webp","type":"image\/webp"}],"twitter_card":"summary_large_image","twitter_misc":{"Est. reading time":"1 minute"},"schema":{"@context":"https:\/\/schema.org","@graph":[{"@type":"WebPage","@id":"https:\/\/www.hotelgalileopadova.it\/en\/rooms-hotel-padua\/family-room\/","url":"https:\/\/www.hotelgalileopadova.it\/en\/rooms-hotel-padua\/family-room\/","name":"Family rooms in Padua - 4-star Hotel Galileo","isPartOf":{"@id":"https:\/\/www.hotelgalileopadova.it\/en\/#website"},"primaryImageOfPage":{"@id":"https:\/\/www.hotelgalileopadova.it\/en\/rooms-hotel-padua\/family-room\/#primaryimage"},"image":{"@id":"https:\/\/www.hotelgalileopadova.it\/en\/rooms-hotel-padua\/family-room\/#primaryimage"},"thumbnailUrl":"https:\/\/www.hotelgalileopadova.it\/wp-content\/uploads\/sites\/57\/2024\/05\/camera-family.webp","datePublished":"2024-06-03T11:59:25+00:00","dateModified":"2025-04-09T10:06:46+00:00","description":"Discover the services of the Family rooms of the Hotel Galileo in Padua and have a comfortable stay with your family up to 5 people.","breadcrumb":{"@id":"https:\/\/www.hotelgalileopadova.it\/en\/rooms-hotel-padua\/family-room\/#breadcrumb"},"inLanguage":"en-US","potentialAction":[{"@type":"ReadAction","target":["https:\/\/www.hotelgalileopadova.it\/en\/rooms-hotel-padua\/family-room\/"]}]},{"@type":"ImageObject","inLanguage":"en-US","@id":"https:\/\/www.hotelgalileopadova.it\/en\/rooms-hotel-padua\/family-room\/#primaryimage","url":"https:\/\/www.hotelgalileopadova.it\/wp-content\/uploads\/sites\/57\/2024\/05\/camera-family.webp","contentUrl":"https:\/\/www.hotelgalileopadova.it\/wp-content\/uploads\/sites\/57\/2024\/05\/camera-family.webp","width":1920,"height":1281,"caption":"Family room - Hotel Galileo Padova"},{"@type":"BreadcrumbList","@id":"https:\/\/www.hotelgalileopadova.it\/en\/rooms-hotel-padua\/family-room\/#breadcrumb","itemListElement":[{"@type":"ListItem","position":1,"name":"Home","item":"https:\/\/www.hotelgalileopadova.it\/en\/"},{"@type":"ListItem","position":2,"name":"Rooms","item":"https:\/\/www.hotelgalileopadova.it\/en\/rooms-hotel-padua\/"},{"@type":"ListItem","position":3,"name":"Family room"}]},{"@type":"WebSite","@id":"https:\/\/www.hotelgalileopadova.it\/en\/#website","url":"https:\/\/www.hotelgalileopadova.it\/en\/","name":"98295 Galileo","description":"","publisher":{"@id":"https:\/\/www.hotelgalileopadova.it\/en\/#organization"},"potentialAction":[{"@type":"SearchAction","target":{"@type":"EntryPoint","urlTemplate":"https:\/\/www.hotelgalileopadova.it\/en\/?s={search_term_string}"},"query-input":{"@type":"PropertyValueSpecification","valueRequired":true,"valueName":"search_term_string"}}],"inLanguage":"en-US"},{"@type":"Organization","@id":"https:\/\/www.hotelgalileopadova.it\/en\/#organization","name":"98295 Galileo","url":"https:\/\/www.hotelgalileopadova.it\/en\/","logo":{"@type":"ImageObject","inLanguage":"en-US","@id":"https:\/\/www.hotelgalileopadova.it\/en\/#\/schema\/logo\/image\/","url":"https:\/\/www.hotelgalileopadova.it\/wp-content\/uploads\/sites\/57\/2024\/05\/BWPlus.png","contentUrl":"https:\/\/www.hotelgalileopadova.it\/wp-content\/uploads\/sites\/57\/2024\/05\/BWPlus.png","width":420,"height":191,"caption":"98295 Galileo"},"image":{"@id":"https:\/\/www.hotelgalileopadova.it\/en\/#\/schema\/logo\/image\/"}}]}},"_links":{"self":[{"href":"https:\/\/www.hotelgalileopadova.it\/en\/wp-json\/wp\/v2\/pages\/2612","targetHints":{"allow":["GET"]}}],"collection":[{"href":"https:\/\/www.hotelgalileopadova.it\/en\/wp-json\/wp\/v2\/pages"}],"about":[{"href":"https:\/\/www.hotelgalileopadova.it\/en\/wp-json\/wp\/v2\/types\/page"}],"author":[{"embeddable":true,"href":"https:\/\/www.hotelgalileopadova.it\/en\/wp-json\/wp\/v2\/users\/7"}],"replies":[{"embeddable":true,"href":"https:\/\/www.hotelgalileopadova.it\/en\/wp-json\/wp\/v2\/comments?post=2612"}],"version-history":[{"count":0,"href":"https:\/\/www.hotelgalileopadova.it\/en\/wp-json\/wp\/v2\/pages\/2612\/revisions"}],"up":[{"embeddable":true,"href":"https:\/\/www.hotelgalileopadova.it\/en\/wp-json\/wp\/v2\/pages\/2596"}],"wp:featuredmedia":[{"embeddable":true,"href":"https:\/\/www.hotelgalileopadova.it\/en\/wp-json\/wp\/v2\/media\/2171"}],"wp:attachment":[{"href":"https:\/\/www.hotelgalileopadova.it\/en\/wp-json\/wp\/v2\/media?parent=2612"}],"curies":[{"name":"wp","href":"https:\/\/api.w.org\/{rel}","templated":true}]}}